{"id":109,"date":"2021-11-02T15:01:48","date_gmt":"2021-11-02T14:01:48","guid":{"rendered":"http:\/\/wp1031779.server-he.de\/www\/wordpress\/?page_id=109"},"modified":"2022-01-02T20:18:59","modified_gmt":"2022-01-02T19:18:59","slug":"medientheorie","status":"publish","type":"page","link":"http:\/\/wp1031779.server-he.de\/www\/wordpress\/publikationen\/medientheorie\/","title":{"rendered":"Medientheorie"},"content":{"rendered":"\t\t<div data-elementor-type=\"wp-page\" data-elementor-id=\"109\" class=\"elementor elementor-109\">\n\t\t\t\t\t\t<section class=\"elementor-section elementor-top-section elementor-element elementor-element-32ac37d1 elementor-section-boxed elementor-section-height-default elementor-section-height-default\" data-id=\"32ac37d1\" data-element_type=\"section\" data-e-type=\"section\">\n\t\t\t\t\t\t<div class=\"elementor-container elementor-column-gap-default\">\n\t\t\t\t\t<div class=\"elementor-column elementor-col-100 elementor-top-column elementor-element elementor-element-76526fae\" data-id=\"76526fae\" data-element_type=\"column\" data-e-type=\"column\">\n\t\t\t<div class=\"elementor-widget-wrap elementor-element-populated\">\n\t\t\t\t\t\t<div class=\"elementor-element elementor-element-17566f1c elementor-widget elementor-widget-text-editor\" data-id=\"17566f1c\" data-element_type=\"widget\" data-e-type=\"widget\" data-widget_type=\"text-editor.default\">\n\t\t\t\t<div class=\"elementor-widget-container\">\n\t\t\t\t\t\t\t\t\t<p><strong>Monographien und Herausgeberschaften<\/strong><\/p><ul><li>Formen der Figur: Figurenkonzepte in K\u00fcnsten und Medien. Konstanz 2010. <a href=\"http:\/\/wp1031779.server-he.de\/www\/wordpress\/wp-content\/uploads\/2022\/01\/Figurenband.pdf\">[PDF]<\/a><\/li><li>Medien und Formen. Zu einer Morphologie der Medien. Konstanz 2010.<\/li><li>Medienwissenschaft h\u00f6rbar. Eine akustische Einf\u00fchrung. MuK Bd. 159, Siegen\u00a0 2006.<\/li><li>Einf\u00fchrung in die Medientheorie. M\u00fcnchen (=UTB Fink) 2003, 2. Aufl. 2007, S. 1- 339.<\/li><\/ul><p><strong>Aufs\u00e4tze und Artikel <\/strong><\/p><ul><li>Netze und andere Verf\u00e4nglichkeiten. Vom Nutzen von Metaphern in den Wissenschaften. <a href=\"http:\/\/wp1031779.server-he.de\/www\/wordpress\/wp-content\/uploads\/2022\/01\/Netze_und_andere_Verfaenglichkeiten.pdf\">[PDF]<\/a><\/li><li>Blinde Flecken und pr\u00e4skriptive Un-schuld. Zur Morphologie medienp\u00e4dagogischer Urteilsformen.<\/li><li>Medienwissenschaften und Geschichte. Morphologie einer Wissenschaft. (erscheint 2012) <a href=\"http:\/\/wp1031779.server-he.de\/www\/wordpress\/wp-content\/uploads\/2022\/01\/Leschke_Medienwissenschaft-und-Geschichte_2012.pdf\">[PDF]<\/a><\/li><li>Vom Eigensinn der Medienrevolution. Zur Rolle der Revolutionsrhetorik in der Medientheorie. In: Kirchmann, Kay [Hrsg.]: Revolutionsmedien \u2013 Medienrevolutionen. (1-21 Ms.) Konstanz 2008.<\/li><li>Medien. Ein loser Begriff. Zur wissenschaftshistorischen Rekonstruktion eines Begriffskonzepts. In: Navigationen. 7. Jg. H. 1 Mediendynamik, 2007, S. 219-230. <a href=\"http:\/\/wp1031779.server-he.de\/www\/wordpress\/wp-content\/uploads\/2022\/01\/leschke_2007_medien_ein-loser-begriff.pdf\">[PDF]<\/a><\/li><li>Von der Erdung der \u00c4sthetik in der Medientheorie. Die materialistische Wende der \u00c4sthetik als Bedingung der M\u00f6glichkeit von Medientheorie. In: Schr\u00f6ter, Jens; Schwering, Georg, St\u00e4heli, Urs (Hrsg.): Media Marx. Ein Handbuch. Bielefeld 2006, S. 21-43.<\/li><li>Zur Konstruktion des Medialen durch Grenz\u00fcberschreitung oder Vom Reiz der &#8222;R\u00fcckseite des Mondes&#8220;. In: Schneider, Irmela [Hrsg.]: Medienkultur der 60er Jahre. Diskursgeschichte der Medien nach 1945. Bd.2, Wiesbaden 2003, S. 199 &#8211; 214.<\/li><li>Von der Erfindung der Medienwissenschaft als regelm\u00e4\u00dfiger \u00dcbung. Anmerkungen zum Verh\u00e4ltnis der verschiedenen Formen des Wissens \u00fcber Medien. In: LiLi, H. 132, 33. Jg., Dezember 2003, S. 67-89. <a href=\"http:\/\/wp1031779.server-he.de\/www\/wordpress\/wp-content\/uploads\/2022\/01\/Erfindung-der-Medienwissenschaft-10.pdf\">[PDF]<\/a><\/li><li>Strukturmuster medienwissenschaftlicher Pragmatik. Zus. m. Raimund Klauser, In: Rusch, Gebhard [Hrsg.]: Einf\u00fchrung in die Medienwissenschaft. Konzeptionen, Theorien, Methoden, Anwendungen. Wiesbaden 2002, S. 338 &#8211; 349.<\/li><li>Medientheorie in: Schanze, Helmut [Hrsg.]: Handbuch der Mediengeschichte, Stuttgart (=Kr\u00f6ner) 2001, S. 14 &#8211; 40.<\/li><li>\u201aZwischenraum um Durchzuschaun\u2018. Anmerkungen zur Paradigmenbildung in der Medientheorie. In: LiLi, H. 123, 31. Jg., September 2001, S. 85 &#8211; 103.<\/li><li>Die Zerstreuung der Vernunft. \u00dcberlegungen zum Diskurs postmoderner Medientheorie In: Bolik, Sibylle; Kammer, Manfred; Kind, Thomas; P\u00fctz, Susanne [Hrsg.]: Medienfiktionen. Illusion \u2013 Inszenierung \u2013 Simulation. Frankfurt a.M., Berlin, Bern, Bruxelles, New York, Wien 1999, S. 95 \u2013 111.<\/li><li>Die Doppelungen der \u00c4sthetik und das Spiegelkabinett der Theorie. In: Spiel: Siegener Periodicum zur internationalen Empirischen Literaturwissenschaft. Jg. 18 (1999), H. 2, S. 301 \u2013 319.<\/li><li>Die Zerstreuung der Vernunft. \u00dcberlegungen zum Diskurs postmoderner Medientheorie In: Bolik, Sibylle; Kammer, Manfred; Kind, Thomas; P\u00fctz, Susanne [Hrsg.]: Medienfiktionen. Illusion \u2013 Inszenierung \u2013 Simulation. Frankfurt a.M., Berlin, Bern, Bruxelles, New York, Wien 1999, S. 95 \u2013 111.<\/li><li>Das Besondere ist nichts Besonderes. \u00dcberlegungen zu einer Kategorie der Ontologie Georg Luk\u00e1cs&#8216;. In: R. Dannemann, W. Jung (Hrsg.): Dokumentar- und Materialienband zur Ontologie. Georg Luk\u00e1cs Schriftenreihe Bd. 4, Essen 1995, S. 197 \u2013 234.<\/li><li>Die Doppelungen der \u00c4sthetik und das Spiegelkabinett der Theorie. In: Spiel: Siegener Periodicum zur internationalen Empirischen Literaturwissenschaft. Jg. 18 (1999), H. 2, S. 301 \u2013 319. Rainer Leschke 5<\/li><li>Eine ungem\u00fctliche Ouvert\u00fcre der Medientheorie. Anmerkungen zu Walter Benjamin. In: Dotzler, Bernhard J.; Schramm, Helmar [Hrsg.]: Cachaca. Fragmente zur Geschichte von Poesie und Imagination. Akademie-Verlag. Berlin 1995, S. 38 \u2013 45.<\/li><\/ul><p><strong>Vortr\u00e4ge<\/strong><\/p><ul><li>31.01.2013: Die erstaunliche Einsamkeit des Mediendispositivs in der Vielheit der Medien. Vortrag auf der medienwissenschaftlichen Tagung zum Thema \u201eVerflechtungen\u201c an der Universit\u00e4t Braunschweig. <a href=\"http:\/\/wp1031779.server-he.de\/www\/wordpress\/wp-content\/uploads\/2022\/01\/Die_erstaunliche_Einsamkeit_des_Mediendispositivs.mp3\">[AUDIO]<\/a><\/li><li>6.12.2011: Theoriezeit &#8211; Die Zeitformen der Medientheorie. Vortrag im Rahmen des Kolloquiums des NCCR Mediality &#8211; Universit\u00e4t Z\u00fcrich. <a href=\"http:\/\/wp1031779.server-he.de\/www\/wordpress\/wp-content\/uploads\/2022\/01\/Leschke-Theoriezeit-Zeitformen-der-Medientheorie.pdf\">[PDF]<\/a> <a href=\"http:\/\/wp1031779.server-he.de\/www\/wordpress\/wp-content\/uploads\/2022\/01\/Theoriezeit.-Die-Zeitformen-der-Medientheorie.mp3\">[AUDIO]<\/a><\/li><li>13.07.2011: &#8222;Medientechnik als Form? Vom Verschwinden der Unterscheidbarkeit des medialen Apriori.&#8220; DFG Graduiertenkolleg: Transnationale Medienereignisse. Justus-Liebig-Universi-t\u00e4t Gie\u00dfen.<\/li><li>26.01.2011: Was d\u00fcrfen Medien und was wei\u00df die Universit\u00e4t. Universit\u00e4t Siegen.<\/li><li>09.04.2010: McLuhan and Medienwissenschaften: Sense and Sensation. Media Transatlantic.Media Theory in North America and German-Speaking Europe. University of British Columbia, Vancouver.<\/li><li>1-4.10.2009: Panel &#8222;McLuhan und die Sinne&#8220; Jahrestagung der Gesellschaft f\u00fcr Medienwissenschaften. Universit\u00e4t Wien.<\/li><li>12.7.2008: &#8222;Vom Verschwinden des Medialen in der Universalit\u00e4t der Medien&#8220;. Tagung &#8222;medias in res. Kulturwissenschaftliche Positionen der Medienforschung&#8220;, Universit\u00e4t Basel.<\/li><li>23.01.2007: Intermedialit\u00e4t &#8211; Von der Medienkonkurrenz zur Vernetzung. Universit\u00e4t Basel.<\/li><li>25.05.2005: Vom Eigensinn der Medienrevolution. Zur Rolle der Revolutionsrhetorik in der Medientheorie. Tagung Revolutionsmedien &#8211; Medienrevolutionen des SFB \/ KFK 485 &#8222;Norm und Symbol. Die kulturelle Dimension sozialer und politischer Integration&#8220;, Konstanz. <a href=\"http:\/\/wp1031779.server-he.de\/www\/wordpress\/wp-content\/uploads\/2022\/01\/Medienrevolution1-11.pdf\">[PDF]<\/a><\/li><li>18.4.2004: Mittelma\u00df &amp; andere Gr\u00f6\u00dfen. \u00dcberlegungen zu den Strukturen medialer Formen. Universit\u00e4t-Siegen. <a href=\"http:\/\/wp1031779.server-he.de\/www\/wordpress\/wp-content\/uploads\/2022\/01\/leschke_Medienmorph.pdf\">[PDF]<\/a><\/li><li>21.11.2002: Medienwissenschaften zwischen Applikation und Interpretation. Zu den Bedingungen m\u00f6glicher Kompatibilit\u00e4t der verschiedenen Formen des Wissens \u00fcber Medien. Tagung: Konzeptionen der Medienwissenschaft. Universit\u00e4t Siegen.<\/li><li>1.12.2001: Von der Un\u00fcbersichtlichkeit des Wissens von den Medien. \u00dcberlegungen zu Mustern der Theorieentwicklung in den Medienwissenschaften. Tagung: Wie kommt Wissenschaft zu Wissen? Universit\u00e4t Innsbruck.<\/li><li>8.11.2000: Eine furchtbar alte Erfindung: \u201aIntermedialit\u00e4t&#8216; zwischen Sinnsetzung und Archiv. Intermedialit\u00e4t revis(i)ted. Abschlu\u00dftagung des Graduiertenkollegs &#8222;Intermedialit\u00e4t&#8220;, Universit\u00e4t Siegen.<\/li><li>8.12.99: Zwischenraum, um durchzuschauen. \u00dcberlegungen zur Paradigmenbildung in der Medientheorie. Antrittsvorlesung Universit\u00e4t-Gesamthochschule Siegen<\/li><\/ul>\t\t\t\t\t\t\t\t<\/div>\n\t\t\t\t<\/div>\n\t\t\t\t\t<\/div>\n\t\t<\/div>\n\t\t\t\t\t<\/div>\n\t\t<\/section>\n\t\t\t\t<\/div>\n\t\t","protected":false},"excerpt":{"rendered":"<p>Monographien und Herausgeberschaften Formen der Figur: Figurenkonzepte in K\u00fcnsten und Medien. Konstanz 2010. [PDF] Medien und Formen. Zu einer Morphologie der Medien. Konstanz 2010. Medienwissenschaft h\u00f6rbar. Eine akustische Einf\u00fchrung. MuK Bd. 159, Siegen\u00a0 2006. Einf\u00fchrung in die Medientheorie. M\u00fcnchen (=UTB Fink) 2003, 2. Aufl. 2007, S. 1- 339. Aufs\u00e4tze und Artikel Netze und andere Verf\u00e4nglichkeiten. [&hellip;]<\/p>\n","protected":false},"author":1,"featured_media":0,"parent":15,"menu_order":1,"comment_status":"closed","ping_status":"closed","template":"","meta":{"footnotes":""},"class_list":["post-109","page","type-page","status-publish","hentry"],"_links":{"self":[{"href":"http:\/\/wp1031779.server-he.de\/www\/wordpress\/wp-json\/wp\/v2\/pages\/109","targetHints":{"allow":["GET"]}}],"collection":[{"href":"http:\/\/wp1031779.server-he.de\/www\/wordpress\/wp-json\/wp\/v2\/pages"}],"about":[{"href":"http:\/\/wp1031779.server-he.de\/www\/wordpress\/wp-json\/wp\/v2\/types\/page"}],"author":[{"embeddable":true,"href":"http:\/\/wp1031779.server-he.de\/www\/wordpress\/wp-json\/wp\/v2\/users\/1"}],"replies":[{"embeddable":true,"href":"http:\/\/wp1031779.server-he.de\/www\/wordpress\/wp-json\/wp\/v2\/comments?post=109"}],"version-history":[{"count":11,"href":"http:\/\/wp1031779.server-he.de\/www\/wordpress\/wp-json\/wp\/v2\/pages\/109\/revisions"}],"predecessor-version":[{"id":292,"href":"http:\/\/wp1031779.server-he.de\/www\/wordpress\/wp-json\/wp\/v2\/pages\/109\/revisions\/292"}],"up":[{"embeddable":true,"href":"http:\/\/wp1031779.server-he.de\/www\/wordpress\/wp-json\/wp\/v2\/pages\/15"}],"wp:attachment":[{"href":"http:\/\/wp1031779.server-he.de\/www\/wordpress\/wp-json\/wp\/v2\/media?parent=109"}],"curies":[{"name":"wp","href":"https:\/\/api.w.org\/{rel}","templated":true}]}}