{"id":111,"date":"2021-11-02T15:03:30","date_gmt":"2021-11-02T14:03:30","guid":{"rendered":"http:\/\/wp1031779.server-he.de\/www\/wordpress\/?page_id=111"},"modified":"2022-01-02T20:22:29","modified_gmt":"2022-01-02T19:22:29","slug":"medienethik","status":"publish","type":"page","link":"http:\/\/wp1031779.server-he.de\/www\/wordpress\/publikationen\/medienethik\/","title":{"rendered":"Medienethik"},"content":{"rendered":"\t\t<div data-elementor-type=\"wp-page\" data-elementor-id=\"111\" class=\"elementor elementor-111\">\n\t\t\t\t\t\t<section class=\"elementor-section elementor-top-section elementor-element elementor-element-3cdc4798 elementor-section-boxed elementor-section-height-default elementor-section-height-default\" data-id=\"3cdc4798\" data-element_type=\"section\" data-e-type=\"section\">\n\t\t\t\t\t\t<div class=\"elementor-container elementor-column-gap-default\">\n\t\t\t\t\t<div class=\"elementor-column elementor-col-100 elementor-top-column elementor-element elementor-element-48af8190\" data-id=\"48af8190\" data-element_type=\"column\" data-e-type=\"column\">\n\t\t\t<div class=\"elementor-widget-wrap elementor-element-populated\">\n\t\t\t\t\t\t<div class=\"elementor-element elementor-element-18a35497 elementor-widget elementor-widget-text-editor\" data-id=\"18a35497\" data-element_type=\"widget\" data-e-type=\"widget\" data-widget_type=\"text-editor.default\">\n\t\t\t\t<div class=\"elementor-widget-container\">\n\t\t\t\t\t\t\t\t\t<h1>Medienethik<\/h1><p><strong>Monographien<\/strong><\/p><ul><li>Einf\u00fchrung in die Medienethik. M\u00fcnchen (=Fink) 2001 S. 1 \u2013 390.<\/li><\/ul><p><strong>Aufs\u00e4tze und Artikel <\/strong><\/p><ul><li>Metaethik der Mediengewalt. In: Grimm, Petra; Badura, Heinrich [Hrsg.]: Medien &#8211; Ethik &#8211; Gewalt. Neue Perspektiven. Stuttgart 2011, S. 119-131.<\/li><li>Von der Moral der Texte und Medien. Reflexionen zu den Bedingungen von Normativit\u00e4t in Kunst- und Mediensystemen. In: Lubkoll, Christine; Wischmeyer, Oda (Hrsg.): &#8218;Ethical Turn&#8216;? Geisteswissenschaften in neuer Verantwortung. M\u00fcnchen 2009, S. 79-99.<\/li><li>Von den Regeln der Medienmoral. Zur Pragmatik des Ethischen in den Medien. erscheint in: LiLi H. 144, 2007<\/li><li>Der Mensch aus der Medienmaschine. Zu Legitimationsstrategien bei der Inauguration neuer Medien. In: Baringhorst, Siegrid; Broer, Ingo [Hrsg]: Grenzg\u00e4nge(r). Beitr\u00e4ge zu Politik, Kultur und Religion. Festschrift f\u00fcr Gerhard Hufnagel. Siegen 2004, S. 285-300. <a href=\"http:\/\/wp1031779.server-he.de\/www\/wordpress\/wp-content\/uploads\/2022\/01\/Mensch-aus-der-Medienmaschine.pdf\">[PDF]<\/a><\/li><li>Medien als moralische Anstalt. In: Kleiner, Marcus S; Ostwald, Holger (Hrsg.): Quadratur. Kulturbuch 5: Medien. 5. Jg. 5. H. Duisburg 2004, S. 38-44. <a href=\"http:\/\/wp1031779.server-he.de\/www\/wordpress\/wp-content\/uploads\/2022\/01\/Medien-als-moralische-Anstalt-10.pdf\">[PDF]<\/a><\/li><li>Und die Moral von der Geschicht\u2018? \u00dcberlegungen zur Medienethik als Analyseinstrument. In: Zeitschrift f\u00fcr Kommunikations\u00f6kologie. 5. Jg., H. 1, 2003, S. 10-13.<\/li><li>Vom Nutzen und Nachteil der Medienethik. Pl\u00e4doyer f\u00fcr die metaethische Analyse. In: Debatin, Bernhard; Funiok, R\u00fcdiger (Hg.): Kommunikations- und Medienethik. Grundlagen. Ans\u00e4tze &#8211; Anwendungen. Konstanz: UVK. 2003, S. 51-63.<\/li><li>Medienethik in: Schanze, Helmut [Hrsg.]: Metzler Lexikon Medientheorie \/ Medienwissenschaft, Stuttgart &#8211; Weimar 2002, S. 215 &#8211; 218.<\/li><li>Von der Medienethik zur Analyse normativer Muster der Medienproduktion. In: Rusch, Gebhard [Hrsg.]: Einf\u00fchrung in die Medienwissenschaft. Konzeptionen, Theorien, Methoden, Anwendungen. Wiesbaden 2002, S. 208 &#8211; 226.<\/li><\/ul><p><strong>Vortr\u00e4ge<\/strong><\/p><ul><li>26.10.2010: &#8222;Zur kulturellen Logik der Katastrophe oder Erz\u00e4hlen hilft.&#8220; Tagung Kommunikationsethik. Institut f\u00fcr Medienforschung, Universit\u00e4t Siegen.<\/li><li>17.05.2010: Metaethik der Gewalt. Konferenz: Medien &#8211; Ethik &#8211; Gewalt. Neue Perspektiven. Wien.<\/li><li>18.-19.2.2009: &#8222;Gewalt als Form&#8220; &#8211; Tagung &#8222;Gewaltrepr\u00e4sentationen in den Massenmedien: Subjektstrategien und Mediengewalt&#8220; des Graduiertenzentrums Kulturwissenschaften (GGK) Justus-Liebig-Universit\u00e4t Gie\u00dfen. <a href=\"http:\/\/wp1031779.server-he.de\/www\/wordpress\/wp-content\/uploads\/2022\/01\/leschke_2009_gewalt_als_form.pdf\">[PDF]<\/a><\/li><li>29.6.-1.7.2009: &#8222;Krieg als sch\u00f6ne Medien\u00fcbung&#8220; &#8211; &#8220; &#8218;St\u00f6rungen&#8216; &#8211; Kriegsdiskurse in Literatur und Medien von 1989 bis zum Beginn des 21. Jahrhunderts&#8220; DFG-Tagung in Verbindung mit dem Zentrum f\u00fcr Medien und Interaktivit\u00e4t (ZMI) der Universit\u00e4t Gie\u00dfen.<\/li><li>27.6.2006: Die Menschenw\u00fcrde ist verletzlich &#8211; und das systematisch. Zur h\u00e4nomenologie der W\u00fcrde in den Medien. Universit\u00e4t Siegen.<\/li><li>24.5.2006: Programmatische Unauff\u00e4lligkeit und symbolische Aufregung. Zur Logik medialer Selbstkontrolle, Universit\u00e4t Z\u00fcrich. <a href=\"http:\/\/wp1031779.server-he.de\/www\/wordpress\/wp-content\/uploads\/2022\/01\/Medienkontrolle.pdf\">[PDF]<\/a><\/li><li>8.12.2005: Von den Regeln der Medienmoral. Zur Pragmatik des Ethischen in den Medien. Jahrestagung 2005 des Instituts f\u00fcr Medienforschung: Medienwirkung und Medienregulierung, Universit\u00e4t Siegen.<\/li><li>21.2.2002: Vom Nutzen und Nachteil der Medienethik. Jahrestagung des Netzwerkes Medienethik und der DGPuK Fachgruppe Kommunikations- und Medienethik. M\u00fcnchen.<\/li><li>21.2.2002: Die Moral von der Geschicht&#8216;. Jahrestagung des Netzwerkes Medienethik und der DGPuK Fachgruppe Kommunikations- und Medienethik. M\u00fcnchen.<\/li><\/ul>\t\t\t\t\t\t\t\t<\/div>\n\t\t\t\t<\/div>\n\t\t\t\t\t<\/div>\n\t\t<\/div>\n\t\t\t\t\t<\/div>\n\t\t<\/section>\n\t\t\t\t<\/div>\n\t\t","protected":false},"excerpt":{"rendered":"<p>Medienethik Monographien Einf\u00fchrung in die Medienethik. M\u00fcnchen (=Fink) 2001 S. 1 \u2013 390. Aufs\u00e4tze und Artikel Metaethik der Mediengewalt. In: Grimm, Petra; Badura, Heinrich [Hrsg.]: Medien &#8211; Ethik &#8211; Gewalt. Neue Perspektiven. Stuttgart 2011, S. 119-131. Von der Moral der Texte und Medien. Reflexionen zu den Bedingungen von Normativit\u00e4t in Kunst- und Mediensystemen. In: Lubkoll, [&hellip;]<\/p>\n","protected":false},"author":1,"featured_media":0,"parent":15,"menu_order":2,"comment_status":"closed","ping_status":"closed","template":"","meta":{"footnotes":""},"class_list":["post-111","page","type-page","status-publish","hentry"],"_links":{"self":[{"href":"http:\/\/wp1031779.server-he.de\/www\/wordpress\/wp-json\/wp\/v2\/pages\/111","targetHints":{"allow":["GET"]}}],"collection":[{"href":"http:\/\/wp1031779.server-he.de\/www\/wordpress\/wp-json\/wp\/v2\/pages"}],"about":[{"href":"http:\/\/wp1031779.server-he.de\/www\/wordpress\/wp-json\/wp\/v2\/types\/page"}],"author":[{"embeddable":true,"href":"http:\/\/wp1031779.server-he.de\/www\/wordpress\/wp-json\/wp\/v2\/users\/1"}],"replies":[{"embeddable":true,"href":"http:\/\/wp1031779.server-he.de\/www\/wordpress\/wp-json\/wp\/v2\/comments?post=111"}],"version-history":[{"count":10,"href":"http:\/\/wp1031779.server-he.de\/www\/wordpress\/wp-json\/wp\/v2\/pages\/111\/revisions"}],"predecessor-version":[{"id":299,"href":"http:\/\/wp1031779.server-he.de\/www\/wordpress\/wp-json\/wp\/v2\/pages\/111\/revisions\/299"}],"up":[{"embeddable":true,"href":"http:\/\/wp1031779.server-he.de\/www\/wordpress\/wp-json\/wp\/v2\/pages\/15"}],"wp:attachment":[{"href":"http:\/\/wp1031779.server-he.de\/www\/wordpress\/wp-json\/wp\/v2\/media?parent=111"}],"curies":[{"name":"wp","href":"https:\/\/api.w.org\/{rel}","templated":true}]}}