{"id":117,"date":"2021-11-02T15:19:07","date_gmt":"2021-11-02T14:19:07","guid":{"rendered":"http:\/\/wp1031779.server-he.de\/www\/wordpress\/?page_id=117"},"modified":"2022-01-02T20:25:08","modified_gmt":"2022-01-02T19:25:08","slug":"medienaesthetik","status":"publish","type":"page","link":"http:\/\/wp1031779.server-he.de\/www\/wordpress\/publikationen\/medienaesthetik\/","title":{"rendered":"Medien\u00e4sthetik"},"content":{"rendered":"\t\t<div data-elementor-type=\"wp-page\" data-elementor-id=\"117\" class=\"elementor elementor-117\">\n\t\t\t\t\t\t<section class=\"elementor-section elementor-top-section elementor-element elementor-element-2cb70837 elementor-section-boxed elementor-section-height-default elementor-section-height-default\" data-id=\"2cb70837\" data-element_type=\"section\" data-e-type=\"section\">\n\t\t\t\t\t\t<div class=\"elementor-container elementor-column-gap-default\">\n\t\t\t\t\t<div class=\"elementor-column elementor-col-100 elementor-top-column elementor-element elementor-element-731a3c12\" data-id=\"731a3c12\" data-element_type=\"column\" data-e-type=\"column\">\n\t\t\t<div class=\"elementor-widget-wrap elementor-element-populated\">\n\t\t\t\t\t\t<div class=\"elementor-element elementor-element-409f7d65 elementor-widget elementor-widget-text-editor\" data-id=\"409f7d65\" data-element_type=\"widget\" data-e-type=\"widget\" data-widget_type=\"text-editor.default\">\n\t\t\t\t<div class=\"elementor-widget-container\">\n\t\t\t\t\t\t\t\t\t<h1>Medien\u00e4sthetik<\/h1><p><strong>Monographien und Herausgeberschaften<\/strong><\/p><ul><li>Formen der Figur. Figurenkonzepte in den K\u00fcnsten und Medien. Konstanz 2010 (zus. m. Henriette Heidbrink).<\/li><li>Spielformen im Spielfilm. Zur Medienmorphologie des Kinos nach der Postmoderne. Bielefeld 2007 (zus. m. Jochen Venus).<\/li><\/ul><p><strong>Aufs\u00e4tze und Artikel<\/strong><\/p><ul><li>Medienformen und Medienwissen. Zwischen Interpretation und Formerkennung. In: Hug, Theo (Hrsg.): Media, Knowledge &amp; Education. Exploring new Spaces, Relations and Dynamics in Digital Media Ecologies. Innsburck 2008, S. 36-50.<\/li><li>Narrative Portale. Die Wechself\u00e4lle der Verzweigung und die Spiele des Erz\u00e4hlens. In: Leschke, Rainer; Venus, Jochen (Hrsg.): Spielformen im Spielfilm. Zur Medienmorphologie des Kinos nach der Postmoderne. Bielefeld 2007, S. 197-224. <a href=\"http:\/\/wp1031779.server-he.de\/www\/wordpress\/wp-content\/uploads\/2022\/01\/Leschke_narrative-portale.pdf\">[PDF]<\/a><\/li><li>Spiele und Formen. In: Leschke, Rainer; Venus, Jochen (Hrsg.): Spielformen im Spielfilm. Zur Medienmorphologie des Kinos nach der Postmoderne. Bielefeld 2007, S. 7-18 (zus. m. Jochen Venus).<\/li><li>Von der Erdung der \u00c4sthetik in der Medientheorie. Die materialistische Wende der \u00c4sthetik als Bedingung der M\u00f6glichkeit von Medientheorie. In: Schr\u00f6ter, Jens; Schwering, Georg, St\u00e4heli, Urs (Hrsg.): Media Marx. Ein Handbuch. Bielefeld 2006, S. 21-43.<\/li><li>Negative Repr\u00e4sentation. Zur Funktion der Metaphern des \u00d6konomischen in der \u00c4sthetik. In: Thomas Wegmann (Hrsg.): Markt. Literarisch (Publikationen zur Zeitschrift f\u00fcr Germanistik, Neue Folge, Bd. 12) Bern, Berlin, Bruxelles, Frankfurt a.M., New York, Oxford, Wien 2005, S. 21-42.<\/li><li>Verstehen und Interpretieren. In: \u00c4sthetische Grundbegriffe. Historisches W\u00f6rterbuch in sieben B\u00e4nden.Hrsg. v. Karlheinz Barck, Martin Fontius, Dieter Schlenstedt, Burkhart Steinwachs, Friedrich Wolfzettel, Bd. 6, Stuttgart u. Weimar (=Metzler) 2005, S. 330-367.<\/li><li>Von der Entzauberung des Erz\u00e4hlens in seinem medialen Gebrauch. \u00dcberlegungen zum analytischen Nutzen der Intermedialit\u00e4t. In: Jonas, Hartmut; Josting, Petra (Hrsg.): Medien \u2013 Deutschunterricht \u2013 \u00c4sthetik. M\u00fcnchen 2004, S. 207-218. <a href=\"http:\/\/wp1031779.server-he.de\/www\/wordpress\/wp-content\/uploads\/2022\/01\/Entzauberung-01.pdf\">[PDF]<\/a><\/li><li>Zur Rekonstruktion des \u00d6konomischen in der \u00c4sthetik. Oder \u201eWozu Dichter in d\u00fcrftiger Zeit?\u201c In: Wermke, Jutta [Hrsg.] \u00c4sthetik und \u00d6konomie. Beitr\u00e4ge zur interdisziplin\u00e4ren Diskussion von Medien-Kultur. Wiesbaden 2000, S. 245 \u2013 264.<\/li><li>Die Doppelungen der \u00c4sthetik und das Spiegelkabinett der Theorie. In: Spiel: Siegener Periodicum zur internationalen Empirischen Literaturwissenschaft. Jg. 18 (1999), H. 2, S. 301 \u2013 319.<\/li><\/ul><p><strong>Vortr\u00e4ge<\/strong><\/p><ul><li>6.12.2011: Der sch\u00f6ne Schein des Guten und die G\u00fcte des sch\u00f6nen Scheins. Zum prek\u00e4ren Verh\u00e4ltnis von \u00c4sthetik &amp; Ethik. Vortrag im Rahmen des Symposiums des Wei\u00dfenhof-Instituts der Staatlichen Akademie der Bildenden K\u00fcnste Stuttgart. <a href=\"http:\/\/wp1031779.server-he.de\/www\/wordpress\/wp-content\/uploads\/2022\/01\/Leschke-AesthetikEthik.pdf\">[PDF]<\/a><\/li><li>13.07.2011: &#8222;Medientechnik als Form? Vom Verschwinden der Unterscheidbarkeit des medialen Apriori.&#8220; DFG Graduiertenkolleg: Transnationale Medienereignisse. Justus-Liebig-Universi-t\u00e4t Gie\u00dfen.<\/li><li>14.12.2010: &#8222;Alles geregelt? Zum Formwandel des Mediensystems.&#8220; ProDoc Intermediale \u00c4sthetik Universit\u00e4t Basel.<\/li><li>22.02.2008: Medien und Formen. \u00dcberlegungen zur form\u00e4sthetischen Rekonstruktion medialer Dispositive. FK-615, Universit\u00e4t Siegen.<\/li><li>25.06.2007: Medienformen &amp; Medienwissen. Zwischen Interpretation und Formerkennung. Universit\u00e4t Innsbruck.<\/li><li>1.10.2004: Strategische Ausblendung und kalkuliertes Arrangement. Zur Funktion der Metaphern des \u00d6konomischen in der \u00c4sthetik. Markt &#8211; literarisch. Symposium des Instituts f\u00fcr deutsche Literatur an der Humboldt-Universit\u00e4t zu Berlin.<\/li><li>12.5.2000: \u00c4sthetik und \u00d6konomie. Tagung der Studienstiftung des Deutschen Volkes zu Kunst und Kommerz in Bonn.<\/li><\/ul>\t\t\t\t\t\t\t\t<\/div>\n\t\t\t\t<\/div>\n\t\t\t\t\t<\/div>\n\t\t<\/div>\n\t\t\t\t\t<\/div>\n\t\t<\/section>\n\t\t\t\t<\/div>\n\t\t","protected":false},"excerpt":{"rendered":"<p>Medien\u00e4sthetik Monographien und Herausgeberschaften Formen der Figur. Figurenkonzepte in den K\u00fcnsten und Medien. Konstanz 2010 (zus. m. Henriette Heidbrink). Spielformen im Spielfilm. Zur Medienmorphologie des Kinos nach der Postmoderne. Bielefeld 2007 (zus. m. Jochen Venus). Aufs\u00e4tze und Artikel Medienformen und Medienwissen. Zwischen Interpretation und Formerkennung. In: Hug, Theo (Hrsg.): Media, Knowledge &amp; Education. Exploring new [&hellip;]<\/p>\n","protected":false},"author":1,"featured_media":0,"parent":15,"menu_order":3,"comment_status":"closed","ping_status":"closed","template":"","meta":{"footnotes":""},"class_list":["post-117","page","type-page","status-publish","hentry"],"_links":{"self":[{"href":"http:\/\/wp1031779.server-he.de\/www\/wordpress\/wp-json\/wp\/v2\/pages\/117","targetHints":{"allow":["GET"]}}],"collection":[{"href":"http:\/\/wp1031779.server-he.de\/www\/wordpress\/wp-json\/wp\/v2\/pages"}],"about":[{"href":"http:\/\/wp1031779.server-he.de\/www\/wordpress\/wp-json\/wp\/v2\/types\/page"}],"author":[{"embeddable":true,"href":"http:\/\/wp1031779.server-he.de\/www\/wordpress\/wp-json\/wp\/v2\/users\/1"}],"replies":[{"embeddable":true,"href":"http:\/\/wp1031779.server-he.de\/www\/wordpress\/wp-json\/wp\/v2\/comments?post=117"}],"version-history":[{"count":10,"href":"http:\/\/wp1031779.server-he.de\/www\/wordpress\/wp-json\/wp\/v2\/pages\/117\/revisions"}],"predecessor-version":[{"id":305,"href":"http:\/\/wp1031779.server-he.de\/www\/wordpress\/wp-json\/wp\/v2\/pages\/117\/revisions\/305"}],"up":[{"embeddable":true,"href":"http:\/\/wp1031779.server-he.de\/www\/wordpress\/wp-json\/wp\/v2\/pages\/15"}],"wp:attachment":[{"href":"http:\/\/wp1031779.server-he.de\/www\/wordpress\/wp-json\/wp\/v2\/media?parent=117"}],"curies":[{"name":"wp","href":"https:\/\/api.w.org\/{rel}","templated":true}]}}