{"id":119,"date":"2021-11-02T15:20:50","date_gmt":"2021-11-02T14:20:50","guid":{"rendered":"http:\/\/wp1031779.server-he.de\/www\/wordpress\/?page_id=119"},"modified":"2022-01-02T20:31:25","modified_gmt":"2022-01-02T19:31:25","slug":"medienkulturen-der-einzelmedien","status":"publish","type":"page","link":"http:\/\/wp1031779.server-he.de\/www\/wordpress\/publikationen\/medienkulturen-der-einzelmedien\/","title":{"rendered":"Medienkulturen der Einzelmedien"},"content":{"rendered":"\t\t<div data-elementor-type=\"wp-page\" data-elementor-id=\"119\" class=\"elementor elementor-119\">\n\t\t\t\t\t\t<section class=\"elementor-section elementor-top-section elementor-element elementor-element-23f1848 elementor-section-boxed elementor-section-height-default elementor-section-height-default\" data-id=\"23f1848\" data-element_type=\"section\" data-e-type=\"section\">\n\t\t\t\t\t\t<div class=\"elementor-container elementor-column-gap-default\">\n\t\t\t\t\t<div class=\"elementor-column elementor-col-100 elementor-top-column elementor-element elementor-element-17ab66ea\" data-id=\"17ab66ea\" data-element_type=\"column\" data-e-type=\"column\">\n\t\t\t<div class=\"elementor-widget-wrap elementor-element-populated\">\n\t\t\t\t\t\t<div class=\"elementor-element elementor-element-292d6c96 elementor-widget elementor-widget-text-editor\" data-id=\"292d6c96\" data-element_type=\"widget\" data-e-type=\"widget\" data-widget_type=\"text-editor.default\">\n\t\t\t\t<div class=\"elementor-widget-container\">\n\t\t\t\t\t\t\t\t\t<h1>Medienkulturen der Einzelmedien<\/h1><p><strong>Monographien und Herausgeberschaften<\/strong><\/p><ul><li>Leschke, Rainer; Venus, Jochen (Hrsg.): Spielformen im Spielfilm. Zur Medienmorphologie des Kinos nach der Postmoderne. Bielefeld 2007.<\/li><\/ul><p><strong>Aufs\u00e4tze und Artikel<\/strong><\/p><ul><li>Narrative Portale. Die Wechself\u00e4lle der Verzweigung und die Spiele des Erz\u00e4hlens. In: Leschke, Rainer; Venus, Jochen (Hrsg.): Spielformen im Spielfilm. Zur Medienmorphologie des Kinos nach der Postmoderne. Bielefeld 2007, S. 197-224.<\/li><li>Spiele und Formen. In: Leschke, Rainer; Venus, Jochen (Hrsg.): Spielformen im Spielfilm. Zur Medienmorphologie des Kinos nach der Postmoderne. Bielefeld 2007, S. 7-18 (zus. m. Jochen Venus).<\/li><\/ul><p><strong>Vortr\u00e4ge<\/strong><\/p><ul><li>28.06.2011: Das Verspielen der Welt. Universit\u00e4t Siegen.<\/li><li>20.1.2004: Die Spiele massenmedialen Erz\u00e4hlens oder Warum Lola rennt, Schiller zuschaut und Kant die Angelegenheit immer schon begriffen hat. Universit\u00e4t Regensburg. <a href=\"http:\/\/wp1031779.server-he.de\/www\/wordpress\/wp-content\/uploads\/2022\/01\/leschke_SpielErzaehlung.pdf\">[PDF]<\/a><\/li><li>28.7.2001: Literatur zum Sofortverzehr. Universit\u00e4t Flensburg.<\/li><\/ul>\t\t\t\t\t\t\t\t<\/div>\n\t\t\t\t<\/div>\n\t\t\t\t\t<\/div>\n\t\t<\/div>\n\t\t\t\t\t<\/div>\n\t\t<\/section>\n\t\t\t\t<\/div>\n\t\t","protected":false},"excerpt":{"rendered":"<p>Medienkulturen der Einzelmedien Monographien und Herausgeberschaften Leschke, Rainer; Venus, Jochen (Hrsg.): Spielformen im Spielfilm. Zur Medienmorphologie des Kinos nach der Postmoderne. Bielefeld 2007. Aufs\u00e4tze und Artikel Narrative Portale. Die Wechself\u00e4lle der Verzweigung und die Spiele des Erz\u00e4hlens. In: Leschke, Rainer; Venus, Jochen (Hrsg.): Spielformen im Spielfilm. Zur Medienmorphologie des Kinos nach der Postmoderne. Bielefeld 2007, [&hellip;]<\/p>\n","protected":false},"author":1,"featured_media":0,"parent":15,"menu_order":4,"comment_status":"closed","ping_status":"closed","template":"","meta":{"footnotes":""},"class_list":["post-119","page","type-page","status-publish","hentry"],"_links":{"self":[{"href":"http:\/\/wp1031779.server-he.de\/www\/wordpress\/wp-json\/wp\/v2\/pages\/119","targetHints":{"allow":["GET"]}}],"collection":[{"href":"http:\/\/wp1031779.server-he.de\/www\/wordpress\/wp-json\/wp\/v2\/pages"}],"about":[{"href":"http:\/\/wp1031779.server-he.de\/www\/wordpress\/wp-json\/wp\/v2\/types\/page"}],"author":[{"embeddable":true,"href":"http:\/\/wp1031779.server-he.de\/www\/wordpress\/wp-json\/wp\/v2\/users\/1"}],"replies":[{"embeddable":true,"href":"http:\/\/wp1031779.server-he.de\/www\/wordpress\/wp-json\/wp\/v2\/comments?post=119"}],"version-history":[{"count":10,"href":"http:\/\/wp1031779.server-he.de\/www\/wordpress\/wp-json\/wp\/v2\/pages\/119\/revisions"}],"predecessor-version":[{"id":309,"href":"http:\/\/wp1031779.server-he.de\/www\/wordpress\/wp-json\/wp\/v2\/pages\/119\/revisions\/309"}],"up":[{"embeddable":true,"href":"http:\/\/wp1031779.server-he.de\/www\/wordpress\/wp-json\/wp\/v2\/pages\/15"}],"wp:attachment":[{"href":"http:\/\/wp1031779.server-he.de\/www\/wordpress\/wp-json\/wp\/v2\/media?parent=119"}],"curies":[{"name":"wp","href":"https:\/\/api.w.org\/{rel}","templated":true}]}}