{"id":121,"date":"2021-11-02T15:21:28","date_gmt":"2021-11-02T14:21:28","guid":{"rendered":"http:\/\/wp1031779.server-he.de\/www\/wordpress\/?page_id=121"},"modified":"2022-01-02T20:38:18","modified_gmt":"2022-01-02T19:38:18","slug":"medienkultur-von-mediensystemen","status":"publish","type":"page","link":"http:\/\/wp1031779.server-he.de\/www\/wordpress\/publikationen\/medienkultur-von-mediensystemen\/","title":{"rendered":"Medienkultur von Mediensystemen"},"content":{"rendered":"\t\t<div data-elementor-type=\"wp-page\" data-elementor-id=\"121\" class=\"elementor elementor-121\">\n\t\t\t\t\t\t<section class=\"elementor-section elementor-top-section elementor-element elementor-element-7140605d elementor-section-boxed elementor-section-height-default elementor-section-height-default\" data-id=\"7140605d\" data-element_type=\"section\" data-e-type=\"section\">\n\t\t\t\t\t\t<div class=\"elementor-container elementor-column-gap-default\">\n\t\t\t\t\t<div class=\"elementor-column elementor-col-100 elementor-top-column elementor-element elementor-element-48e8e6f\" data-id=\"48e8e6f\" data-element_type=\"column\" data-e-type=\"column\">\n\t\t\t<div class=\"elementor-widget-wrap elementor-element-populated\">\n\t\t\t\t\t\t<div class=\"elementor-element elementor-element-d798734 elementor-widget elementor-widget-text-editor\" data-id=\"d798734\" data-element_type=\"widget\" data-e-type=\"widget\" data-widget_type=\"text-editor.default\">\n\t\t\t\t<div class=\"elementor-widget-container\">\n\t\t\t\t\t\t\t\t\t<h1>Medienkultur von Mediensystemen<\/h1><p><strong>Aufs\u00e4tze und Artikel<\/strong><\/p><ul><li>Netze und andere Verf\u00e4nglichkeiten. Vom Nutzen von Metaphern in der Wissenschaft.2014 <a href=\"http:\/\/wp1031779.server-he.de\/www\/wordpress\/wp-content\/uploads\/2022\/01\/Leschke_Netze_und_andere_Verfaenglichkeiten_2014.pdf\">[PDF]<\/a><\/li><li>Dialoge in Mediengewittern: Zur normativen Funktion des Dialogs und zur Teleologie des Medialen. In: Frechen, Anne; Franke, Olivia [Hrsg.]: Dialog und Bewegung. Bettina von Arnim als Kommunikationsexpertin. Berlin 2011, S. 81-92.<\/li><li>Von den Schwierigkeiten der Gegenbilder in Kriegserz\u00e4hlungen. \u00dcberlegungen zum prek\u00e4ren Verh\u00e4ltnis von Kriegsnarration und Gegenbild. In: Meyer, Petra Maria (Hrsg.): Gegenbilder des Krieges. Zu abweichenden Strategien der Kriegsdarstellung. M\u00fcnchen 2009, S. 277-299.<\/li><li>Interaktivit\u00e4t. Ein Begriff im Netz der Wissenschaften. (zus. m. Andreas Kolb u. Timo Schemer-Reinhard) In: Navigationen. Jg. 8, H. 1 Interaktivit\u00e4t, 2008, S. 81-101.<\/li><li>,Diese Site wird nicht mehr gewartet&#8216;. Medienanalytische Perspektiven in den Medienwechseln. In: Scherfer, Konrad [Hrsg.]: Webwissenschaft &#8211; Eine Einf\u00fchrung. M\u00fcnster 2008, 52-71.<\/li><li>&#8222;An alle&#8220;. Von Radio und Materialismus. In: Schr\u00f6ter, Jens; Schwering, Georg, St\u00e4heli, Urs (Hrsg.): Media Marx. Ein Handbuch. Bielefeld 2006, S. 245-259.<\/li><li>Wenn Medien schweigen. Anmerkungen zu einer uneigentlichen medialen Situation. In: Navigationen. Siegener Beitr\u00e4ge zur Kultur- und Medienwissenschaft, 3. Jg., H. 2 November 2003, S. 89-102. <a href=\"http:\/\/wp1031779.server-he.de\/www\/wordpress\/wp-content\/uploads\/2022\/01\/Wenn-Medien-schweigen.pdf\">[PDF]<\/a><\/li><li>Die Verneigung vor dem Publikum. Anmerkungen zu einer schwierigen Instanz. In: Navigationen. Siegener Beitr\u00e4ge zur Kultur- und Medienwissenschaft. Hrsg. v. Klaus Kreimeier, 2. Jg., H. 2, Oktober 2002, S. 101 &#8211; 116. <a href=\"http:\/\/wp1031779.server-he.de\/www\/wordpress\/wp-content\/uploads\/2022\/01\/Verneigung-vor-dem-Publikum021.pdf\">[PDF]<\/a><\/li><li>Gel\u00f6ste Gewalt. In: Laser, Bj\u00f6rn; Venus, Jochen; Filk, Christian (Hrsg.): Die dunkle Seite der Medien. \u00c4ngste, Faszinationen, Unf\u00e4lle. Frankfurt a. M. 2001, S. 64 &#8211; 79.<\/li><li>Eine furchtbar alte Erfindung: \u201aIntermedialit\u00e4t&#8216; zwischen Sinnsetzung und Archiv. In: Navigationen. Siegener Beitr\u00e4ge zur Kultur- und Medienwissenschaft. Hrsg. v. Klaus Kreimeier, 1. Jg., H.1, Juni 2001,. S. 115 &#8211; 130.<\/li><\/ul><p><strong>Vortr\u00e4ge<\/strong><\/p><ul><li>12.03.2012: Die Bildung der Medien &amp; die Medienbildung. Zur Medienvergessenheit des medienp\u00e4dagogischen Diskurses. Vortrag im Rahmen der Jahrestagung der Deutschen Gesellschaft f\u00fcr Erziehungswissenschaften (DGfE)Osnabr\u00fcck. <a href=\"http:\/\/wp1031779.server-he.de\/www\/wordpress\/wp-content\/uploads\/2022\/01\/Leschke_Die-Bildung-der-Medien-und-die-Medienbildung.pdf\">[PDF]<\/a><\/li><li>24.02.2012: Grenzenlose Enth\u00fcllungen? Medien zwischen \u00d6ffnung und Schlie\u00dfung Medienk\u00e4mpfe. Die Auseinandersetzung um die medientechnologischen Grundlagen kultureller Reproduktion. Vortrag im Rahmen des 6. Nell-Breuning-Symposium Medien und Gesellschaft. Gesellschaftliche Transformation, Social Networking, Wissensvermittlung und P\u00e4dagogik.<\/li><li>12.01.2012: Geschlossene Gesellschaften. Zum Medienkulturellen Regime von Geschlossenheit und Offenheit. Vortrag im Rahmen der Ringvorlesung des Interfakult\u00e4ren Forums Innsbruck Media Studies. <a href=\"http:\/\/wp1031779.server-he.de\/www\/wordpress\/wp-content\/uploads\/2022\/01\/Geschlossene-Gesellschaft10.pdf\">[PDF]<\/a> <a href=\"http:\/\/wp1031779.server-he.de\/www\/wordpress\/wp-content\/uploads\/2022\/01\/Leschke-Geschlossene_Gesellschaft.mp3\">[AUDIO]<\/a><\/li><li>24.10.2010: Dialoge in Mediengewittern. Zur normativen Funktion des Dialogs und zur Teleologie des Medialen. Symposium &#8222;Dialog und Bewegung&#8220; K\u00fcnstlerhaus Schloss Wiepersdorf.<\/li><li>20.-23.9.2009: Transversale Programmierung&#8220; auf dem 1. Medienwissenschaftlichen Symposium der DFG &#8222;Programm(e)&#8220; Potsdam.<\/li><li>23.01.2007: Intermedialit\u00e4t &#8211; Von der Medienkonkurrenz zur Vernetzung. Universit\u00e4t Basel.<\/li><li>30.11.2006: Menschenbilder und Mediensysteme. Universit\u00e4t Siegen.<\/li><li>6.12.2004: Von der Unm\u00f6glichkeit vom Krieg zu erz\u00e4hlen. Die Choreographie des Kriegs als narratologisches Problem. Vortrag im Rahmen der Ringvorlesung &#8222;Krieg und Ged\u00e4chtnis&#8220; an der Rijksuniversit\u00e4t Groningen.<\/li><li>15.1.2003: Diese Site wird nicht gewartet. Medienanalytische Perspektiven in den Medienwechseln. Universit\u00e4t Oldenburg. <a href=\"http:\/\/wp1031779.server-he.de\/www\/wordpress\/wp-content\/uploads\/2022\/01\/Diese-Site-wird-nicht-mehr-gewartet-100.pdf\">[PDF]<\/a><\/li><\/ul>\t\t\t\t\t\t\t\t<\/div>\n\t\t\t\t<\/div>\n\t\t\t\t\t<\/div>\n\t\t<\/div>\n\t\t\t\t\t<\/div>\n\t\t<\/section>\n\t\t\t\t<\/div>\n\t\t","protected":false},"excerpt":{"rendered":"<p>Medienkultur von Mediensystemen Aufs\u00e4tze und Artikel Netze und andere Verf\u00e4nglichkeiten. Vom Nutzen von Metaphern in der Wissenschaft.2014 [PDF] Dialoge in Mediengewittern: Zur normativen Funktion des Dialogs und zur Teleologie des Medialen. In: Frechen, Anne; Franke, Olivia [Hrsg.]: Dialog und Bewegung. Bettina von Arnim als Kommunikationsexpertin. Berlin 2011, S. 81-92. Von den Schwierigkeiten der Gegenbilder in [&hellip;]<\/p>\n","protected":false},"author":1,"featured_media":0,"parent":15,"menu_order":5,"comment_status":"closed","ping_status":"closed","template":"","meta":{"footnotes":""},"class_list":["post-121","page","type-page","status-publish","hentry"],"_links":{"self":[{"href":"http:\/\/wp1031779.server-he.de\/www\/wordpress\/wp-json\/wp\/v2\/pages\/121","targetHints":{"allow":["GET"]}}],"collection":[{"href":"http:\/\/wp1031779.server-he.de\/www\/wordpress\/wp-json\/wp\/v2\/pages"}],"about":[{"href":"http:\/\/wp1031779.server-he.de\/www\/wordpress\/wp-json\/wp\/v2\/types\/page"}],"author":[{"embeddable":true,"href":"http:\/\/wp1031779.server-he.de\/www\/wordpress\/wp-json\/wp\/v2\/users\/1"}],"replies":[{"embeddable":true,"href":"http:\/\/wp1031779.server-he.de\/www\/wordpress\/wp-json\/wp\/v2\/comments?post=121"}],"version-history":[{"count":10,"href":"http:\/\/wp1031779.server-he.de\/www\/wordpress\/wp-json\/wp\/v2\/pages\/121\/revisions"}],"predecessor-version":[{"id":320,"href":"http:\/\/wp1031779.server-he.de\/www\/wordpress\/wp-json\/wp\/v2\/pages\/121\/revisions\/320"}],"up":[{"embeddable":true,"href":"http:\/\/wp1031779.server-he.de\/www\/wordpress\/wp-json\/wp\/v2\/pages\/15"}],"wp:attachment":[{"href":"http:\/\/wp1031779.server-he.de\/www\/wordpress\/wp-json\/wp\/v2\/media?parent=121"}],"curies":[{"name":"wp","href":"https:\/\/api.w.org\/{rel}","templated":true}]}}