{"id":123,"date":"2021-11-02T15:22:21","date_gmt":"2021-11-02T14:22:21","guid":{"rendered":"http:\/\/wp1031779.server-he.de\/www\/wordpress\/?page_id=123"},"modified":"2022-01-02T20:42:22","modified_gmt":"2022-01-02T19:42:22","slug":"medienkultur-und-mediengeschichte","status":"publish","type":"page","link":"http:\/\/wp1031779.server-he.de\/www\/wordpress\/publikationen\/medienkultur-und-mediengeschichte\/","title":{"rendered":"Medienkultur und Mediengeschichte"},"content":{"rendered":"\t\t<div data-elementor-type=\"wp-page\" data-elementor-id=\"123\" class=\"elementor elementor-123\">\n\t\t\t\t\t\t<section class=\"elementor-section elementor-top-section elementor-element elementor-element-74ee1763 elementor-section-boxed elementor-section-height-default elementor-section-height-default\" data-id=\"74ee1763\" data-element_type=\"section\" data-e-type=\"section\">\n\t\t\t\t\t\t<div class=\"elementor-container elementor-column-gap-default\">\n\t\t\t\t\t<div class=\"elementor-column elementor-col-100 elementor-top-column elementor-element elementor-element-4675b936\" data-id=\"4675b936\" data-element_type=\"column\" data-e-type=\"column\">\n\t\t\t<div class=\"elementor-widget-wrap elementor-element-populated\">\n\t\t\t\t\t\t<div class=\"elementor-element elementor-element-24da7d5 elementor-widget elementor-widget-text-editor\" data-id=\"24da7d5\" data-element_type=\"widget\" data-e-type=\"widget\" data-widget_type=\"text-editor.default\">\n\t\t\t\t<div class=\"elementor-widget-container\">\n\t\t\t\t\t\t\t\t\t<h1>Medienkultur und Mediengeschichte<\/h1><p><strong>Aufs\u00e4tze und Artikel<\/strong><\/p><ul><li>Form als Leitmedium oder die Ordnung nach dem Verschwinden der Mediendispositive. In: Ligensa, Annemone\/M\u00fcller, Daniel\/Gendolla, Peter (Hrsg.): Leitmedien. Konzepte &#8211; Relevanz &#8211; Geschichte, Band 2, (Medienumbr\u00fcche 31\/32), Bielefeld 2009, S. 29-50.<\/li><li>Krieg ohne Opfer. Von den Verlusten der Kriegserz\u00e4hlung. In: Koch, Lars; Vogel, Marianne [Hrsg.]: Imagin\u00e4re Welten im Widerstreit. Krieg und Geschichte in der deutschsprachigen Literatur seit 1900. W\u00fcrzburg 2006. <a href=\"http:\/\/wp1031779.server-he.de\/www\/wordpress\/wp-content\/uploads\/2022\/01\/leschke_kriegohneOpfer.pdf\">[PDF]<\/a><\/li><li>Von den Schwierigkeiten vom Krieg zu erz\u00e4hlen. Zur Choreographie eines gesellschaftlichen Ereignisses. In: W. Wende (Hrsg.): Krieg und Ged\u00e4chtnis. Ein Ausnahmezustand im Spannungsfeld kultureller Sinnkonstruktionen. W\u00fcrzburg 2005, S. 306-327.<\/li><li>Am Rande der Ereignisse. Untersuchungen zu ihrem hermeneutischen Gebrauch. In: F. Balke, E. M\u00e9choulan, B. Wagner [Hrsg.]: Zeit des Ereignisses Ende der Geschichte, M\u00fcnchen 1992, S. 151 &#8211; 174.<\/li><\/ul><p><strong>Vortr\u00e4ge<\/strong><\/p><ul><li>24.11.2006: Von den Schwierigkeiten der Kriegserz\u00e4hlung mit den Gegenbildern, Interdisziplin\u00e4res Symposion der Muthesius Kunsthochschule zu Kiel.<\/li><li>15.5.2006: Mediale Konstellationen und mechanische Br\u00e4ute. \u00dcberlegungen zur Konzeption von Kommunikationsgeschichte, Ruhr-Universit\u00e4t-Bochum.<\/li><\/ul>\t\t\t\t\t\t\t\t<\/div>\n\t\t\t\t<\/div>\n\t\t\t\t\t<\/div>\n\t\t<\/div>\n\t\t\t\t\t<\/div>\n\t\t<\/section>\n\t\t\t\t<\/div>\n\t\t","protected":false},"excerpt":{"rendered":"<p>Medienkultur und Mediengeschichte Aufs\u00e4tze und Artikel Form als Leitmedium oder die Ordnung nach dem Verschwinden der Mediendispositive. In: Ligensa, Annemone\/M\u00fcller, Daniel\/Gendolla, Peter (Hrsg.): Leitmedien. Konzepte &#8211; Relevanz &#8211; Geschichte, Band 2, (Medienumbr\u00fcche 31\/32), Bielefeld 2009, S. 29-50. Krieg ohne Opfer. Von den Verlusten der Kriegserz\u00e4hlung. In: Koch, Lars; Vogel, Marianne [Hrsg.]: Imagin\u00e4re Welten im Widerstreit. [&hellip;]<\/p>\n","protected":false},"author":1,"featured_media":0,"parent":15,"menu_order":6,"comment_status":"closed","ping_status":"closed","template":"","meta":{"footnotes":""},"class_list":["post-123","page","type-page","status-publish","hentry"],"_links":{"self":[{"href":"http:\/\/wp1031779.server-he.de\/www\/wordpress\/wp-json\/wp\/v2\/pages\/123","targetHints":{"allow":["GET"]}}],"collection":[{"href":"http:\/\/wp1031779.server-he.de\/www\/wordpress\/wp-json\/wp\/v2\/pages"}],"about":[{"href":"http:\/\/wp1031779.server-he.de\/www\/wordpress\/wp-json\/wp\/v2\/types\/page"}],"author":[{"embeddable":true,"href":"http:\/\/wp1031779.server-he.de\/www\/wordpress\/wp-json\/wp\/v2\/users\/1"}],"replies":[{"embeddable":true,"href":"http:\/\/wp1031779.server-he.de\/www\/wordpress\/wp-json\/wp\/v2\/comments?post=123"}],"version-history":[{"count":10,"href":"http:\/\/wp1031779.server-he.de\/www\/wordpress\/wp-json\/wp\/v2\/pages\/123\/revisions"}],"predecessor-version":[{"id":324,"href":"http:\/\/wp1031779.server-he.de\/www\/wordpress\/wp-json\/wp\/v2\/pages\/123\/revisions\/324"}],"up":[{"embeddable":true,"href":"http:\/\/wp1031779.server-he.de\/www\/wordpress\/wp-json\/wp\/v2\/pages\/15"}],"wp:attachment":[{"href":"http:\/\/wp1031779.server-he.de\/www\/wordpress\/wp-json\/wp\/v2\/media?parent=123"}],"curies":[{"name":"wp","href":"https:\/\/api.w.org\/{rel}","templated":true}]}}